{"id":201,"date":"2010-03-05T15:58:39","date_gmt":"2010-03-05T15:58:39","guid":{"rendered":"http:\/\/www.isidoraficovic.net\/?page_id=201"},"modified":"2011-10-12T19:12:38","modified_gmt":"2011-10-12T19:12:38","slug":"2001","status":"publish","type":"page","link":"http:\/\/www.isidoraficovic.net\/?page_id=201","title":{"rendered":"2001"},"content":{"rendered":"<p style=\"text-align: center;\"><a href=\"http:\/\/www.isidoraficovic.net\/?p=211\"><strong>120 pictures in 60 min, Isidora Fi\u0107ovi\u0107 and Aleksandar Jestrovi\u0107, SKC Gallery, Belgrade 2001<\/strong><\/a><\/p>\n<address style=\"text-align: right;\"><a href=\"http:\/\/www.isidoraficovic.net\/?page_id=118\">back<\/a><\/address>\n","protected":false},"excerpt":{"rendered":"<p>120 pictures in 60 min, Isidora Fi\u0107ovi\u0107 and Aleksandar Jestrovi\u0107, SKC Gallery, Belgrade 2001 back<\/p>\n","protected":false},"author":1,"featured_media":0,"parent":118,"menu_order":7,"comment_status":"open","ping_status":"open","template":"","meta":{"_monsterinsights_skip_tracking":false,"_monsterinsights_sitenote_active":false,"_monsterinsights_sitenote_note":"","_monsterinsights_sitenote_category":0,"footnotes":""},"class_list":["post-201","page","type-page","status-publish","hentry"],"aioseo_notices":[],"_links":{"self":[{"href":"http:\/\/www.isidoraficovic.net\/index.php?rest_route=\/wp\/v2\/pages\/201","targetHints":{"allow":["GET"]}}],"collection":[{"href":"http:\/\/www.isidoraficovic.net\/index.php?rest_route=\/wp\/v2\/pages"}],"about":[{"href":"http:\/\/www.isidoraficovic.net\/index.php?rest_route=\/wp\/v2\/types\/page"}],"author":[{"embeddable":true,"href":"http:\/\/www.isidoraficovic.net\/index.php?rest_route=\/wp\/v2\/users\/1"}],"replies":[{"embeddable":true,"href":"http:\/\/www.isidoraficovic.net\/index.php?rest_route=%2Fwp%2Fv2%2Fcomments&post=201"}],"version-history":[{"count":15,"href":"http:\/\/www.isidoraficovic.net\/index.php?rest_route=\/wp\/v2\/pages\/201\/revisions"}],"predecessor-version":[{"id":1936,"href":"http:\/\/www.isidoraficovic.net\/index.php?rest_route=\/wp\/v2\/pages\/201\/revisions\/1936"}],"up":[{"embeddable":true,"href":"http:\/\/www.isidoraficovic.net\/index.php?rest_route=\/wp\/v2\/pages\/118"}],"wp:attachment":[{"href":"http:\/\/www.isidoraficovic.net\/index.php?rest_route=%2Fwp%2Fv2%2Fmedia&parent=201"}],"curies":[{"name":"wp","href":"https:\/\/api.w.org\/{rel}","templated":true}]}}