{"id":154,"date":"2010-03-01T16:13:26","date_gmt":"2010-03-01T16:13:26","guid":{"rendered":"http:\/\/www.isidoraficovic.net\/?page_id=154"},"modified":"2017-09-18T06:48:46","modified_gmt":"2017-09-18T06:48:46","slug":"2005-2","status":"publish","type":"page","link":"http:\/\/www.isidoraficovic.net\/?page_id=154","title":{"rendered":"2005"},"content":{"rendered":"<p style=\"text-align: left;\"><strong><span style=\"color: #0000ff;\"><a href=\"http:\/\/www.isidoraficovic.net\/?p=647\"><span style=\"color: #ff00ff;\">Badminton Art Intermezzo, 2&#8217;25&#8221;, color &amp; without sound, collaboration with Mark Brogan, Belgrade 2005<\/span><\/a><\/span><\/strong><\/p>\n<p style=\"text-align: left;\"><strong><span style=\"color: #ff0000;\"><a href=\"http:\/\/www.isidoraficovic.net\/?p=770\"><span style=\"color: #ff6600;\">Second Hand, 14&#8217;54&#8221;, color &amp; sound, 2005<\/span><\/a><\/span><\/strong><\/p>\n<p style=\"text-align: left;\"><strong><span style=\"color: #339966;\"><a href=\"http:\/\/www.isidoraficovic.net\/?p=658\"><span style=\"color: #339966;\">Colony 2001, 11&#8217;27&#8221;, color &amp; sound, Isidora Fi\u0107ovi\u0107, Aleksandar Jestrovi\u0107 Jamezdin, Predrag Terzi\u0107 and Branislav Jaki\u0107, Montenegro 2005<\/span><\/a><\/span><\/strong><\/p>\n<p style=\"text-align: left;\"><strong><span style=\"color: #800080;\"><a href=\"http:\/\/www.isidoraficovic.net\/?p=652\"><span style=\"color: #3366ff;\">Killing for a living, 6&#8217;50&#8221;, color &amp; sound, Woodstock 69 &#8211; Montenegro 05, 2005<\/span><\/a><\/span><\/strong><\/p>\n<address style=\"text-align: right;\"><a href=\"http:\/\/www.isidoraficovic.net\/?page_id=111\">back<\/a><\/address>\n","protected":false},"excerpt":{"rendered":"<p>Badminton Art Intermezzo, 2&#8217;25&#8221;, color &amp; without sound, collaboration with Mark Brogan, Belgrade 2005 Second Hand, 14&#8217;54&#8221;, color &amp; sound, 2005 Colony 2001, 11&#8217;27&#8221;, color &amp; sound, Isidora Fi\u0107ovi\u0107, Aleksandar Jestrovi\u0107 Jamezdin, Predrag Terzi\u0107 and Branislav Jaki\u0107, Montenegro 2005 Killing for a living, 6&#8217;50&#8221;, color &amp; sound, Woodstock 69 &#8211; Montenegro 05, 2005 back<\/p>\n","protected":false},"author":2,"featured_media":0,"parent":111,"menu_order":17,"comment_status":"open","ping_status":"open","template":"","meta":{"_monsterinsights_skip_tracking":false,"_monsterinsights_sitenote_active":false,"_monsterinsights_sitenote_note":"","_monsterinsights_sitenote_category":0,"footnotes":""},"class_list":["post-154","page","type-page","status-publish","hentry"],"aioseo_notices":[],"_links":{"self":[{"href":"http:\/\/www.isidoraficovic.net\/index.php?rest_route=\/wp\/v2\/pages\/154","targetHints":{"allow":["GET"]}}],"collection":[{"href":"http:\/\/www.isidoraficovic.net\/index.php?rest_route=\/wp\/v2\/pages"}],"about":[{"href":"http:\/\/www.isidoraficovic.net\/index.php?rest_route=\/wp\/v2\/types\/page"}],"author":[{"embeddable":true,"href":"http:\/\/www.isidoraficovic.net\/index.php?rest_route=\/wp\/v2\/users\/2"}],"replies":[{"embeddable":true,"href":"http:\/\/www.isidoraficovic.net\/index.php?rest_route=%2Fwp%2Fv2%2Fcomments&post=154"}],"version-history":[{"count":23,"href":"http:\/\/www.isidoraficovic.net\/index.php?rest_route=\/wp\/v2\/pages\/154\/revisions"}],"predecessor-version":[{"id":4196,"href":"http:\/\/www.isidoraficovic.net\/index.php?rest_route=\/wp\/v2\/pages\/154\/revisions\/4196"}],"up":[{"embeddable":true,"href":"http:\/\/www.isidoraficovic.net\/index.php?rest_route=\/wp\/v2\/pages\/111"}],"wp:attachment":[{"href":"http:\/\/www.isidoraficovic.net\/index.php?rest_route=%2Fwp%2Fv2%2Fmedia&parent=154"}],"curies":[{"name":"wp","href":"https:\/\/api.w.org\/{rel}","templated":true}]}}